{"id":1380,"date":"2024-10-15T14:14:08","date_gmt":"2024-10-15T12:14:08","guid":{"rendered":"https:\/\/wp-manager.geti.cl\/?page_id=1380"},"modified":"2025-05-22T17:07:19","modified_gmt":"2025-05-22T15:07:19","slug":"politica-de-privacidad-de-geti-solutions","status":"publish","type":"page","link":"https:\/\/wp-manager.geti.cl\/index.php\/politica-de-privacidad-de-geti-solutions\/","title":{"rendered":"Pol\u00edtica de Privacidad de Geti Solutions"},"content":{"rendered":"\n<p>Esta Pol\u00edtica de Privacidad describe nuestras pol\u00edticas y procedimientos sobre la recopilaci\u00f3n, uso y divulgaci\u00f3n de su informaci\u00f3n cuando utiliza el Servicio, y le informa sobre sus derechos de privacidad y c\u00f3mo la ley le protege.<\/p>\n\n\n\n<p>Utilizamos sus datos personales para proporcionar y mejorar el Servicio. Al utilizar el Servicio, usted acepta la recopilaci\u00f3n y el uso de la informaci\u00f3n de acuerdo con esta Pol\u00edtica de Privacidad.&nbsp;<\/p>\n\n\n\n<h2 class=\"wp-block-heading\">Interpretaci\u00f3n y definiciones<\/h2>\n\n\n\n<h3 class=\"wp-block-heading\">Interpretaci\u00f3n<\/h3>\n\n\n\n<p>Las palabras cuya inicial est\u00e1 en may\u00fascula tienen los significados definidos bajo las siguientes condiciones. Las siguientes definiciones tendr\u00e1n el mismo significado, independientemente de si aparecen en singular o en plural.<\/p>\n\n\n\n<h3 class=\"wp-block-heading\">Definiciones<\/h3>\n\n\n\n<p>Para los fines de esta Pol\u00edtica de Privacidad:<\/p>\n\n\n\n<ul class=\"wp-block-list\">\n<li>Cuenta: significa una cuenta \u00fanica creada para que usted acceda a nuestro Servicio o a partes del Servicio.<\/li>\n\n\n\n<li>Afiliado: significa una entidad que controla, es controlada por o est\u00e1 bajo control com\u00fan con una parte, donde \u00abcontrol\u00bb significa la propiedad del 50% o m\u00e1s de las acciones, intereses de capital u otros valores con derecho a voto para la elecci\u00f3n de directores u otra autoridad de gesti\u00f3n.<\/li>\n\n\n\n<li>Compa\u00f1\u00eda (referida como \u00abla Compa\u00f1\u00eda\u00bb, \u00abNosotros\u00bb, \u00abNos\u00bb o \u00abNuestro\u00bb en este Acuerdo) se refiere a Geti Solutions, Padre Mariano 210, 7500026 Providencia, Regi\u00f3n Metropolitana, Chile.<\/li>\n\n\n\n<li>Cookies: son peque\u00f1os archivos que se colocan en su computadora, dispositivo m\u00f3vil u otro dispositivo por un sitio web, que contienen detalles de su historial de navegaci\u00f3n en ese sitio web, entre otros usos.<\/li>\n<\/ul>\n\n\n\n<ul class=\"wp-block-list\">\n<li>Dispositivo: significa cualquier dispositivo que pueda acceder al Servicio, como una computadora, un tel\u00e9fono m\u00f3vil o una tableta digital.<\/li>\n\n\n\n<li>Datos personales: es cualquier informaci\u00f3n que se relaciona con un individuo identificado o identificable.<\/li>\n\n\n\n<li>Servicio: se refiere al sitio web.<\/li>\n\n\n\n<li>Proveedor de servicios: significa cualquier persona f\u00edsica o jur\u00eddica que procesa los datos en nombre de la Compa\u00f1\u00eda. Se refiere a compa\u00f1\u00edas o individuos de terceros contratados por la Compa\u00f1\u00eda para facilitar el Servicio, proporcionar el Servicio en nombre de la Compa\u00f1\u00eda, realizar servicios relacionados con el Servicio o ayudar a la Compa\u00f1\u00eda a analizar c\u00f3mo se utiliza el Servicio.<\/li>\n\n\n\n<li>Datos de uso: se refiere a los datos recopilados autom\u00e1ticamente, ya sea generados por el uso del Servicio o desde la infraestructura del Servicio en s\u00ed (por ejemplo, la duraci\u00f3n de una visita a una p\u00e1gina).<\/li>\n\n\n\n<li>Sitio web: se refiere a Geti Solutions, accesible desde https:\/\/geti.cl\/<\/li>\n\n\n\n<li>Usted: significa la persona que accede o utiliza el Servicio, o la compa\u00f1\u00eda o entidad legal en nombre de la cual dicha persona est\u00e1 accediendo o utilizando el Servicio, seg\u00fan corresponda.<\/li>\n<\/ul>\n\n\n\n<h2 class=\"wp-block-heading\">Recopilaci\u00f3n y uso de sus datos personales<\/h2>\n\n\n\n<h3 class=\"wp-block-heading\">Datos personales<\/h3>\n\n\n\n<p>Al utilizar nuestro Servicio, podemos solicitarle que nos proporcione cierta informaci\u00f3n personal identificable que puede usarse para contactarlo o identificarlo. La informaci\u00f3n personal identificable puede incluir, entre otros:<\/p>\n\n\n\n<ul class=\"wp-block-list\">\n<li>Direcci\u00f3n de correo electr\u00f3nico<\/li>\n\n\n\n<li>Nombre y apellido<\/li>\n\n\n\n<li>N\u00famero de tel\u00e9fono<\/li>\n<\/ul>\n\n\n\n<h3 class=\"wp-block-heading\">Datos de uso<\/h3>\n\n\n\n<p>Los Datos de uso se recopilan autom\u00e1ticamente cuando se utiliza el Servicio. Los Datos de uso pueden incluir informaci\u00f3n como la direcci\u00f3n IP de su dispositivo, el tipo de navegador, la versi\u00f3n del navegador, las p\u00e1ginas de nuestro Servicio que visita, la fecha y hora de su visita, el tiempo que pasa en esas p\u00e1ginas, identificadores \u00fanicos de dispositivos y otros datos de diagn\u00f3stico.<\/p>\n\n\n\n<p>Cuando accede al Servicio a trav\u00e9s de un dispositivo m\u00f3vil, podemos recopilar autom\u00e1ticamente cierta informaci\u00f3n, incluida, entre otros, el tipo de dispositivo m\u00f3vil que utiliza, su ID \u00fanico de dispositivo m\u00f3vil, la direcci\u00f3n IP de su dispositivo m\u00f3vil, su sistema operativo m\u00f3vil, el tipo de navegador de Internet m\u00f3vil que utiliza, identificadores \u00fanicos de dispositivo y otros datos de diagn\u00f3stico.<\/p>\n\n\n\n<p>Tambi\u00e9n podemos recopilar informaci\u00f3n que su navegador env\u00eda cada vez que visita nuestro Servicio o cuando accede al Servicio a trav\u00e9s de un dispositivo m\u00f3vil.<\/p>\n\n\n\n<h3 class=\"wp-block-heading\">Tecnolog\u00edas de seguimiento y cookies<\/h3>\n\n\n\n<p>Usamos cookies y tecnolog\u00edas de seguimiento similares para rastrear la actividad en nuestro Servicio y almacenar cierta informaci\u00f3n. Las tecnolog\u00edas de seguimiento que utilizamos incluyen balizas, etiquetas y scripts para recopilar y rastrear informaci\u00f3n y para mejorar y analizar nuestro Servicio.<\/p>\n\n\n\n<p>Las cookies pueden ser \u00abpersistentes\u00bb o \u00abde sesi\u00f3n\u00bb. Las cookies persistentes permanecen en su computadora o dispositivo m\u00f3vil cuando est\u00e1 fuera de l\u00ednea, mientras que las cookies de sesi\u00f3n se eliminan tan pronto como cierra su navegador web.<\/p>\n\n\n\n<p>Utilizamos cookies de sesi\u00f3n y persistentes para los siguientes prop\u00f3sitos:<\/p>\n\n\n\n<ul class=\"wp-block-list\">\n<li>Cookies necesarias\/esenciales: Estas cookies son esenciales para proporcionarle servicios disponibles a trav\u00e9s del Sitio web y para permitirle utilizar algunas de sus funciones.<\/li>\n\n\n\n<li>Cookies de aceptaci\u00f3n: Estas cookies identifican si los usuarios han aceptado el uso de cookies en el Sitio web.<\/li>\n\n\n\n<li>Cookies de funcionalidad: Permiten recordar sus elecciones cuando utiliza el Sitio web, como recordar sus detalles de inicio de sesi\u00f3n o la preferencia de idioma.<\/li>\n<\/ul>\n\n\n\n<h2 class=\"wp-block-heading\">Uso de sus datos personales<\/h2>\n\n\n\n<p>La Compa\u00f1\u00eda puede utilizar los datos personales para los siguientes prop\u00f3sitos:<\/p>\n\n\n\n<ul class=\"wp-block-list\">\n<li>Proporcionar y mantener nuestro Servicio.<\/li>\n\n\n\n<li>Gestionar su Cuenta.<\/li>\n\n\n\n<li>Para la ejecuci\u00f3n de un contrato.<\/li>\n\n\n\n<li>Para contactar con usted.<\/li>\n\n\n\n<li>Para gestionar sus solicitudes.<\/li>\n\n\n\n<li>Para otros prop\u00f3sitos, como el an\u00e1lisis de datos, identificar tendencias de uso, entre otros.<\/li>\n<\/ul>\n\n\n\n<h2 class=\"wp-block-heading\">Retenci\u00f3n de sus datos personales<\/h2>\n\n\n\n<p>La Compa\u00f1\u00eda conservar\u00e1 sus datos personales solo durante el tiempo necesario para los fines establecidos en esta Pol\u00edtica de Privacidad.<\/p>\n\n\n\n<h3 class=\"wp-block-heading\">Transferencia de sus datos personales<\/h3>\n\n\n\n<p>Su informaci\u00f3n, incluidos los datos personales, puede ser transferida a y mantenida en computadoras ubicadas fuera de su estado, provincia, pa\u00eds o jurisdicci\u00f3n gubernamental, donde las leyes de protecci\u00f3n de datos pueden diferir.<\/p>\n\n\n\n<h3 class=\"wp-block-heading\">Eliminar sus datos personales<\/h3>\n\n\n\n<p>Tiene derecho a solicitar que eliminemos los datos personales que hemos recopilado sobre usted.<\/p>\n\n\n\n<h3 class=\"wp-block-heading\">Divulgaci\u00f3n de sus datos personales<\/h3>\n\n\n\n<p>Podemos divulgar sus datos personales bajo ciertas circunstancias legales, como transacciones comerciales o solicitudes de autoridades p\u00fablicas.<\/p>\n\n\n\n<h3 class=\"wp-block-heading\">Seguridad de sus datos personales<\/h3>\n\n\n\n<p>Nos esforzamos por utilizar medios comercialmente aceptables para proteger sus datos personales, pero no podemos garantizar su seguridad absoluta.<\/p>\n\n\n\n<h3 class=\"wp-block-heading\">Privacidad infantil<\/h3>\n\n\n\n<p>Nuestro Servicio no est\u00e1 dirigido a personas menores de 13 a\u00f1os, y no recopilamos conscientemente datos personales de menores de 13 a\u00f1os.<\/p>\n\n\n\n<h3 class=\"wp-block-heading\">Enlaces a otros sitios web<\/h3>\n\n\n\n<p>Nuestro Servicio puede contener enlaces a sitios web de terceros que no son operados por nosotros.<\/p>\n\n\n\n<h3 class=\"wp-block-heading\">Cambios a esta Pol\u00edtica de Privacidad<\/h3>\n\n\n\n<p>Podemos actualizar nuestra Pol\u00edtica de Privacidad de vez en cuando. Le notificaremos cualquier cambio publicando la nueva Pol\u00edtica de Privacidad en esta p\u00e1gina.<\/p>\n\n\n\n<h3 class=\"wp-block-heading\">Cont\u00e1ctenos<\/h3>\n\n\n\n<p>Si tiene alguna pregunta sobre esta Pol\u00edtica de Privacidad, puede contactarnos por correo electr\u00f3nico: contacto@geti.cl<\/p>\n","protected":false},"excerpt":{"rendered":"<p>Esta Pol\u00edtica de Privacidad describe nuestras pol\u00edticas y procedimientos sobre la recopilaci\u00f3n, uso y divulgaci\u00f3n de su informaci\u00f3n cuando utiliza el Servicio, y le informa sobre sus derechos de privacidad y c\u00f3mo la ley le protege. Utilizamos sus datos personales para proporcionar y mejorar el Servicio. Al utilizar el Servicio, usted acepta la recopilaci\u00f3n y [&hellip;]<\/p>\n","protected":false},"author":4,"featured_media":0,"parent":0,"menu_order":0,"comment_status":"closed","ping_status":"closed","template":"","meta":{"_acf_changed":false,"footnotes":""},"class_list":["post-1380","page","type-page","status-publish","hentry"],"acf":{"meta_description":"Conoce c\u00f3mo en Geti  protegemos tu informaci\u00f3n. Consulta nuestra Pol\u00edtica de Privacidad y ent\u00e9rate del uso y tratamiento de tus datos personales."},"_links":{"self":[{"href":"https:\/\/wp-manager.geti.cl\/index.php\/wp-json\/wp\/v2\/pages\/1380","targetHints":{"allow":["GET"]}}],"collection":[{"href":"https:\/\/wp-manager.geti.cl\/index.php\/wp-json\/wp\/v2\/pages"}],"about":[{"href":"https:\/\/wp-manager.geti.cl\/index.php\/wp-json\/wp\/v2\/types\/page"}],"author":[{"embeddable":true,"href":"https:\/\/wp-manager.geti.cl\/index.php\/wp-json\/wp\/v2\/users\/4"}],"replies":[{"embeddable":true,"href":"https:\/\/wp-manager.geti.cl\/index.php\/wp-json\/wp\/v2\/comments?post=1380"}],"version-history":[{"count":4,"href":"https:\/\/wp-manager.geti.cl\/index.php\/wp-json\/wp\/v2\/pages\/1380\/revisions"}],"predecessor-version":[{"id":2913,"href":"https:\/\/wp-manager.geti.cl\/index.php\/wp-json\/wp\/v2\/pages\/1380\/revisions\/2913"}],"wp:attachment":[{"href":"https:\/\/wp-manager.geti.cl\/index.php\/wp-json\/wp\/v2\/media?parent=1380"}],"curies":[{"name":"wp","href":"https:\/\/api.w.org\/{rel}","templated":true}]}}